{"id":398,"date":"2025-12-18T11:59:36","date_gmt":"2025-12-18T11:59:36","guid":{"rendered":"https:\/\/interne-ident13.fr\/?page_id=398"},"modified":"2026-01-20T14:50:25","modified_gmt":"2026-01-20T14:50:25","slug":"utilisation","status":"publish","type":"page","link":"https:\/\/flandresazote.fr\/index.php\/utilisation\/","title":{"rendered":"Utilisation"},"content":{"rendered":"\t\t<div data-elementor-type=\"wp-page\" data-elementor-id=\"398\" class=\"elementor elementor-398\" data-elementor-post-type=\"page\">\n\t\t\t\t<div class=\"elementor-element elementor-element-6d7b7e38 e-flex e-con-boxed e-con e-parent\" data-id=\"6d7b7e38\" data-element_type=\"container\" data-e-type=\"container\" data-settings=\"{&quot;background_background&quot;:&quot;classic&quot;}\">\n\t\t\t\t\t<div class=\"e-con-inner\">\n\t\t<div class=\"elementor-element elementor-element-42b8092a e-con-full e-flex e-con e-child\" data-id=\"42b8092a\" data-element_type=\"container\" data-e-type=\"container\" data-settings=\"{&quot;motion_fx_motion_fx_scrolling&quot;:&quot;yes&quot;,&quot;motion_fx_opacity_effect&quot;:&quot;yes&quot;,&quot;motion_fx_opacity_direction&quot;:&quot;in-out&quot;,&quot;motion_fx_opacity_range&quot;:{&quot;unit&quot;:&quot;%&quot;,&quot;size&quot;:&quot;&quot;,&quot;sizes&quot;:{&quot;start&quot;:&quot;85&quot;,&quot;end&quot;:&quot;100&quot;}},&quot;motion_fx_opacity_level&quot;:{&quot;unit&quot;:&quot;px&quot;,&quot;size&quot;:10,&quot;sizes&quot;:[]},&quot;motion_fx_devices&quot;:[&quot;desktop&quot;,&quot;tablet&quot;,&quot;mobile&quot;]}\">\n\t\t\t\t<div class=\"elementor-element elementor-element-a8bd92c elementor-invisible elementor-widget elementor-widget-heading\" data-id=\"a8bd92c\" data-element_type=\"widget\" data-e-type=\"widget\" data-settings=\"{&quot;_animation&quot;:&quot;fadeIn&quot;,&quot;_animation_delay&quot;:&quot;200&quot;}\" data-widget_type=\"heading.default\">\n\t\t\t\t\t<h1 class=\"elementor-heading-title elementor-size-default\">Utilisation<\/h1>\t\t\t\t<\/div>\n\t\t\t\t<\/div>\n\t\t\t\t\t<\/div>\n\t\t\t\t<\/div>\n\t\t<div class=\"elementor-element elementor-element-aa59e7e e-flex e-con-boxed e-con e-parent\" data-id=\"aa59e7e\" data-element_type=\"container\" data-e-type=\"container\">\n\t\t\t\t\t<div class=\"e-con-inner\">\n\t\t<div class=\"elementor-element elementor-element-047c461 e-con-full e-flex e-con e-child\" data-id=\"047c461\" data-element_type=\"container\" data-e-type=\"container\" data-settings=\"{&quot;background_background&quot;:&quot;classic&quot;}\">\n\t\t\t\t<div class=\"elementor-element elementor-element-968c897 elementor-widget elementor-widget-heading\" data-id=\"968c897\" data-element_type=\"widget\" data-e-type=\"widget\" data-widget_type=\"heading.default\">\n\t\t\t\t\t<h2 class=\"elementor-heading-title elementor-size-default\"> Laboratoire, Centre de recherche et Universit\u00e9<\/h2>\t\t\t\t<\/div>\n\t\t<div class=\"elementor-element elementor-element-f446b6c e-con-full e-flex e-con e-child\" data-id=\"f446b6c\" data-element_type=\"container\" data-e-type=\"container\">\n\t\t\t\t<div class=\"elementor-element elementor-element-3ab736b elementor-widget elementor-widget-heading\" data-id=\"3ab736b\" data-element_type=\"widget\" data-e-type=\"widget\" data-widget_type=\"heading.default\">\n\t\t\t\t\t<h2 class=\"elementor-heading-title elementor-size-default\">L\u2019 Azote liquide ressource essentielle<\/h2>\t\t\t\t<\/div>\n\t\t\t\t<div class=\"elementor-element elementor-element-0bb40b8 elementor-view-default elementor-widget elementor-widget-icon\" data-id=\"0bb40b8\" data-element_type=\"widget\" data-e-type=\"widget\" data-widget_type=\"icon.default\">\n\t\t\t\t\t\t\t<div class=\"elementor-icon-wrapper\">\n\t\t\t<div class=\"elementor-icon\">\n\t\t\t<i aria-hidden=\"true\" class=\"icofont icofont-test-tube-alt\"><\/i>\t\t\t<\/div>\n\t\t<\/div>\n\t\t\t\t\t\t<\/div>\n\t\t\t\t<\/div>\n\t\t<div class=\"elementor-element elementor-element-1fa91e5 e-con-full e-flex e-con e-child\" data-id=\"1fa91e5\" data-element_type=\"container\" data-e-type=\"container\" data-settings=\"{&quot;background_background&quot;:&quot;classic&quot;}\">\n\t\t<div class=\"elementor-element elementor-element-7b595cd e-con-full e-flex e-con e-child\" data-id=\"7b595cd\" data-element_type=\"container\" data-e-type=\"container\">\n\t\t\t\t<div class=\"elementor-element elementor-element-0fef5ad elementor-widget elementor-widget-text-editor\" data-id=\"0fef5ad\" data-element_type=\"widget\" data-e-type=\"widget\" data-widget_type=\"text-editor.default\">\n\t\t\t\t\t\t\t\t\t<p>L\u2019azote liquide est <strong>indispensable pour la conservation d\u2019\u00e9chantillons biologiques<\/strong> et la recherche en sciences de la vie. Les principales difficult\u00e9s sont d\u2019\u00e9viter la formation de glace et de d\u00e9shydratation de la cellule : <strong>la cryoconservation<\/strong> repose sur le principe de la vitrification de l\u2019eau, qui associe vitesse et temp\u00e9rature de cong\u00e9lation et l\u2019association de cryoprotecteurs permettant de garder l\u2019int\u00e9gralit\u00e9 de la cellule. Les laboratoires d\u2019analyses et de recherches l&rsquo;utilisent donc pour les stocker dans des r\u00e9servoirs sp\u00e9ciaux appel\u00e9s cryoconservateurs ou cryobanques.<\/p><p>Les cellules peuvent ainsi \u00eatre conserv\u00e9es pendant plusieurs ann\u00e9es sans \u00eatre endommag\u00e9es et les chercheurs peuvent continuer leurs analyses pour la th\u00e9rapie cellulaire, la pr\u00e9servation de la biodiversit\u00e9 et d\u2019autres applications biotechnologiques.\u00a0<\/p>\t\t\t\t\t\t\t\t<\/div>\n\t\t\t\t<\/div>\n\t\t<div class=\"elementor-element elementor-element-000722d e-con-full e-flex e-con e-child\" data-id=\"000722d\" data-element_type=\"container\" data-e-type=\"container\" data-settings=\"{&quot;background_background&quot;:&quot;classic&quot;}\">\n\t\t\t\t<\/div>\n\t\t\t\t<\/div>\n\t\t\t\t<\/div>\n\t\t<div class=\"elementor-element elementor-element-7891466 e-con-full e-flex e-con e-child\" data-id=\"7891466\" data-element_type=\"container\" data-e-type=\"container\" data-settings=\"{&quot;background_background&quot;:&quot;classic&quot;}\">\n\t\t\t\t<div class=\"elementor-element elementor-element-f498901 elementor-widget elementor-widget-heading\" data-id=\"f498901\" data-element_type=\"widget\" data-e-type=\"widget\" data-widget_type=\"heading.default\">\n\t\t\t\t\t<h2 class=\"elementor-heading-title elementor-size-default\">Dermatologie<\/h2>\t\t\t\t<\/div>\n\t\t<div class=\"elementor-element elementor-element-0a4f990 e-con-full e-flex e-con e-child\" data-id=\"0a4f990\" data-element_type=\"container\" data-e-type=\"container\">\n\t\t\t\t<div class=\"elementor-element elementor-element-5bdb134 elementor-widget elementor-widget-heading\" data-id=\"5bdb134\" data-element_type=\"widget\" data-e-type=\"widget\" data-widget_type=\"heading.default\">\n\t\t\t\t\t<h2 class=\"elementor-heading-title elementor-size-default\">La solution pour les traitements cutan\u00e9s<\/h2>\t\t\t\t<\/div>\n\t\t\t\t<div class=\"elementor-element elementor-element-524e8a0 elementor-view-default elementor-widget elementor-widget-icon\" data-id=\"524e8a0\" data-element_type=\"widget\" data-e-type=\"widget\" data-widget_type=\"icon.default\">\n\t\t\t\t\t\t\t<div class=\"elementor-icon-wrapper\">\n\t\t\t<div class=\"elementor-icon\">\n\t\t\t<svg aria-hidden=\"true\" class=\"e-font-icon-svg e-fas-hand-sparkles\" viewBox=\"0 0 640 512\" xmlns=\"http:\/\/www.w3.org\/2000\/svg\"><path d=\"M106.66,170.64l.09,0,49.55-20.65a7.32,7.32,0,0,0,3.68-6h0a7.29,7.29,0,0,0-3.68-6l-49.57-20.67-.07,0L86,67.68a6.66,6.66,0,0,0-11.92,0l-20.7,49.63-.05,0L3.7,138A7.29,7.29,0,0,0,0,144H0a7.32,7.32,0,0,0,3.68,6L53.27,170.6l.07,0L74,220.26a6.65,6.65,0,0,0,11.92,0l20.69-49.62ZM471.38,467.41l-1-.42-1-.5a38.67,38.67,0,0,1,0-69.14l1-.49,1-.43,37.49-15.63,15.63-37.48.41-1,.47-.95c3.85-7.74,10.58-13.63,18.35-17.34,0-1.33.25-2.69.27-4V144a32,32,0,0,0-64,0v72a8,8,0,0,1-8,8H456a8,8,0,0,1-8-8V64a32,32,0,0,0-64,0V216a8,8,0,0,1-8,8H360a8,8,0,0,1-8-8V32a32,32,0,0,0-64,0V216a8,8,0,0,1-8,8H264a8,8,0,0,1-8-8V64a32,32,0,0,0-64,0v241l-23.59-32.49a40,40,0,0,0-64.71,47.09L229.3,492.21A48.07,48.07,0,0,0,268.09,512H465.7c19.24,0,35.65-11.73,43.24-28.79l-.07-.17ZM349.79,339.52,320,351.93l-12.42,29.78a4,4,0,0,1-7.15,0L288,351.93l-29.79-12.41a4,4,0,0,1,0-7.16L288,319.94l12.42-29.78a4,4,0,0,1,7.15,0L320,319.94l29.79,12.42a4,4,0,0,1,0,7.16ZM640,431.91a7.28,7.28,0,0,0-3.68-6l-49.57-20.67-.07,0L566,355.63a6.66,6.66,0,0,0-11.92,0l-20.7,49.63-.05,0L483.7,426a7.28,7.28,0,0,0-3.68,6h0a7.29,7.29,0,0,0,3.68,5.95l49.57,20.67.07,0L554,508.21a6.65,6.65,0,0,0,11.92,0l20.69-49.62h0l.09,0,49.55-20.66a7.29,7.29,0,0,0,3.68-5.95h0Z\"><\/path><\/svg>\t\t\t<\/div>\n\t\t<\/div>\n\t\t\t\t\t\t<\/div>\n\t\t\t\t<\/div>\n\t\t<div class=\"elementor-element elementor-element-cc32258 e-con-full e-flex e-con e-child\" data-id=\"cc32258\" data-element_type=\"container\" data-e-type=\"container\" data-settings=\"{&quot;background_background&quot;:&quot;classic&quot;}\">\n\t\t<div class=\"elementor-element elementor-element-f46a14d e-con-full e-flex e-con e-child\" data-id=\"f46a14d\" data-element_type=\"container\" data-e-type=\"container\">\n\t\t\t\t<div class=\"elementor-element elementor-element-3970b00 elementor-widget elementor-widget-text-editor\" data-id=\"3970b00\" data-element_type=\"widget\" data-e-type=\"widget\" data-widget_type=\"text-editor.default\">\n\t\t\t\t\t\t\t\t\t<p>L\u2019azote liquide est souvent utilis\u00e9 pour\u00a0 la cryochirurgie.<\/p><p>En dermatologie, elle permet de traiter les verrues, kystes et autres l\u00e9sions cutan\u00e9es. Cette technique consiste \u00e0 congeler et d\u00e9truire les cellules anormales, favorisant leur \u00e9limination rapide et efficace.<\/p>\t\t\t\t\t\t\t\t<\/div>\n\t\t\t\t<\/div>\n\t\t<div class=\"elementor-element elementor-element-5fa6b74 e-con-full e-flex e-con e-child\" data-id=\"5fa6b74\" data-element_type=\"container\" data-e-type=\"container\" data-settings=\"{&quot;background_background&quot;:&quot;classic&quot;}\">\n\t\t\t\t<\/div>\n\t\t\t\t<\/div>\n\t\t\t\t<\/div>\n\t\t<div class=\"elementor-element elementor-element-6a49a9a e-con-full e-flex e-con e-child\" data-id=\"6a49a9a\" data-element_type=\"container\" data-e-type=\"container\" data-settings=\"{&quot;background_background&quot;:&quot;classic&quot;}\">\n\t\t\t\t<div class=\"elementor-element elementor-element-0410ba3 elementor-widget elementor-widget-heading\" data-id=\"0410ba3\" data-element_type=\"widget\" data-e-type=\"widget\" data-widget_type=\"heading.default\">\n\t\t\t\t\t<h2 class=\"elementor-heading-title elementor-size-default\">Industrie<\/h2>\t\t\t\t<\/div>\n\t\t<div class=\"elementor-element elementor-element-313516b e-con-full e-flex e-con e-child\" data-id=\"313516b\" data-element_type=\"container\" data-e-type=\"container\">\n\t\t\t\t<div class=\"elementor-element elementor-element-99bdff5 elementor-widget elementor-widget-heading\" data-id=\"99bdff5\" data-element_type=\"widget\" data-e-type=\"widget\" data-widget_type=\"heading.default\">\n\t\t\t\t\t<h2 class=\"elementor-heading-title elementor-size-default\">L'atout de l\u2019industrie moderne<\/h2>\t\t\t\t<\/div>\n\t\t\t\t<div class=\"elementor-element elementor-element-81be985 elementor-view-default elementor-widget elementor-widget-icon\" data-id=\"81be985\" data-element_type=\"widget\" data-e-type=\"widget\" data-widget_type=\"icon.default\">\n\t\t\t\t\t\t\t<div class=\"elementor-icon-wrapper\">\n\t\t\t<div class=\"elementor-icon\">\n\t\t\t<i aria-hidden=\"true\" class=\"icofont icofont-industries-5\"><\/i>\t\t\t<\/div>\n\t\t<\/div>\n\t\t\t\t\t\t<\/div>\n\t\t\t\t<\/div>\n\t\t<div class=\"elementor-element elementor-element-13575e1 e-con-full e-flex e-con e-child\" data-id=\"13575e1\" data-element_type=\"container\" data-e-type=\"container\" data-settings=\"{&quot;background_background&quot;:&quot;classic&quot;}\">\n\t\t<div class=\"elementor-element elementor-element-06e8792 e-con-full e-flex e-con e-child\" data-id=\"06e8792\" data-element_type=\"container\" data-e-type=\"container\">\n\t\t\t\t<div class=\"elementor-element elementor-element-f7ec19c elementor-widget elementor-widget-text-editor\" data-id=\"f7ec19c\" data-element_type=\"widget\" data-e-type=\"widget\" data-widget_type=\"text-editor.default\">\n\t\t\t\t\t\t\t\t\t<p>Dans l\u2019industrie l\u2019azote liquide est utilis\u00e9 pour :<\/p><p><strong>L\u2019emmanchement \u00e0 froid<\/strong> :\u00a0 technique d\u2019assemblage utilis\u00e9e principalement dans le domaine de la m\u00e9canique\u00a0 ou de l\u2019ing\u00e9nierie, consistant \u00e0 ins\u00e9rer une pi\u00e8ce dans une autre en profitant des variations de temp\u00e9rature pour obtenir un ajustement serr\u00e9.<\/p><p><strong>Le traitement thermique <\/strong>: \u00e9tape importante dans de nombreux processus de fabrication, en particulier dans le traitement des m\u00e9taux. Apr\u00e8s avoir \u00e9t\u00e9 soumises \u00e0 des temp\u00e9ratures tr\u00e8s \u00e9lev\u00e9es, les pi\u00e8ces doivent \u00eatre refroidies rapidement pour figer leur structure cristalline et obtenir les propri\u00e9t\u00e9s souhait\u00e9es.\u00a0<\/p><p>Mais aussi pour la cong\u00e9lation de canalisations ou le nettoyage cryog\u00e9nique. L&rsquo;azote liquide offre des solutions efficaces pour des proc\u00e9d\u00e9s complexes et innovants.<\/p>\t\t\t\t\t\t\t\t<\/div>\n\t\t\t\t<\/div>\n\t\t<div class=\"elementor-element elementor-element-3d1661f e-con-full e-flex e-con e-child\" data-id=\"3d1661f\" data-element_type=\"container\" data-e-type=\"container\" data-settings=\"{&quot;background_background&quot;:&quot;classic&quot;}\">\n\t\t\t\t<\/div>\n\t\t\t\t<\/div>\n\t\t\t\t<\/div>\n\t\t<div class=\"elementor-element elementor-element-4e8db67 e-con-full e-flex e-con e-child\" data-id=\"4e8db67\" data-element_type=\"container\" data-e-type=\"container\" data-settings=\"{&quot;background_background&quot;:&quot;classic&quot;}\">\n\t\t\t\t<div class=\"elementor-element elementor-element-5447023 elementor-widget elementor-widget-heading\" data-id=\"5447023\" data-element_type=\"widget\" data-e-type=\"widget\" data-widget_type=\"heading.default\">\n\t\t\t\t\t<h2 class=\"elementor-heading-title elementor-size-default\">Cryoth\u00e9rapie<\/h2>\t\t\t\t<\/div>\n\t\t<div class=\"elementor-element elementor-element-5a14f29 e-con-full e-flex e-con e-child\" data-id=\"5a14f29\" data-element_type=\"container\" data-e-type=\"container\">\n\t\t\t\t<div class=\"elementor-element elementor-element-d9db6b9 elementor-widget elementor-widget-heading\" data-id=\"d9db6b9\" data-element_type=\"widget\" data-e-type=\"widget\" data-widget_type=\"heading.default\">\n\t\t\t\t\t<h2 class=\"elementor-heading-title elementor-size-default\">L\u2019 Azote liquide au service du bien-\u00eatre<\/h2>\t\t\t\t<\/div>\n\t\t\t\t<div class=\"elementor-element elementor-element-dc37b12 elementor-view-default elementor-widget elementor-widget-icon\" data-id=\"dc37b12\" data-element_type=\"widget\" data-e-type=\"widget\" data-widget_type=\"icon.default\">\n\t\t\t\t\t\t\t<div class=\"elementor-icon-wrapper\">\n\t\t\t<div class=\"elementor-icon\">\n\t\t\t<i aria-hidden=\"true\" class=\"icofont icofont-snow-temp\"><\/i>\t\t\t<\/div>\n\t\t<\/div>\n\t\t\t\t\t\t<\/div>\n\t\t\t\t<\/div>\n\t\t<div class=\"elementor-element elementor-element-3ea3735 e-con-full e-flex e-con e-child\" data-id=\"3ea3735\" data-element_type=\"container\" data-e-type=\"container\" data-settings=\"{&quot;background_background&quot;:&quot;classic&quot;}\">\n\t\t<div class=\"elementor-element elementor-element-5c53f85 e-con-full e-flex e-con e-child\" data-id=\"5c53f85\" data-element_type=\"container\" data-e-type=\"container\">\n\t\t\t\t<div class=\"elementor-element elementor-element-4c74fd9 elementor-widget elementor-widget-text-editor\" data-id=\"4c74fd9\" data-element_type=\"widget\" data-e-type=\"widget\" data-widget_type=\"text-editor.default\">\n\t\t\t\t\t\t\t\t\t<p>La cryoth\u00e9rapie utilise les vapeurs d\u2019azote pour refroidir l\u2019air \u00e0 des temp\u00e9ratures tr\u00e8s basses. Cette technique stimule la r\u00e9cup\u00e9ration musculaire, r\u00e9duit les inflammations et am\u00e9liore le bien-\u00eatre.<\/p><p>Elle est particuli\u00e8rement pris\u00e9e dans le sport de haut niveau afin de mieux r\u00e9cup\u00e9rer apr\u00e8s leurs efforts.<\/p>\t\t\t\t\t\t\t\t<\/div>\n\t\t\t\t<\/div>\n\t\t<div class=\"elementor-element elementor-element-e5a5513 e-con-full e-flex e-con e-child\" data-id=\"e5a5513\" data-element_type=\"container\" data-e-type=\"container\" data-settings=\"{&quot;background_background&quot;:&quot;classic&quot;}\">\n\t\t\t\t<\/div>\n\t\t\t\t<\/div>\n\t\t\t\t<\/div>\n\t\t<div class=\"elementor-element elementor-element-bb6abef e-con-full e-flex e-con e-child\" data-id=\"bb6abef\" data-element_type=\"container\" data-e-type=\"container\" data-settings=\"{&quot;background_background&quot;:&quot;classic&quot;}\">\n\t\t\t\t<div class=\"elementor-element elementor-element-6e7062f elementor-widget elementor-widget-heading\" data-id=\"6e7062f\" data-element_type=\"widget\" data-e-type=\"widget\" data-widget_type=\"heading.default\">\n\t\t\t\t\t<h2 class=\"elementor-heading-title elementor-size-default\">Elevage<\/h2>\t\t\t\t<\/div>\n\t\t<div class=\"elementor-element elementor-element-3aaacfd e-con-full e-flex e-con e-child\" data-id=\"3aaacfd\" data-element_type=\"container\" data-e-type=\"container\">\n\t\t\t\t<div class=\"elementor-element elementor-element-2034aee elementor-widget elementor-widget-heading\" data-id=\"2034aee\" data-element_type=\"widget\" data-e-type=\"widget\" data-widget_type=\"heading.default\">\n\t\t\t\t\t<h2 class=\"elementor-heading-title elementor-size-default\">Pour la pr\u00e9servation des esp\u00e8ces<\/h2>\t\t\t\t<\/div>\n\t\t\t\t<div class=\"elementor-element elementor-element-8e42b52 elementor-view-default elementor-widget elementor-widget-icon\" data-id=\"8e42b52\" data-element_type=\"widget\" data-e-type=\"widget\" data-widget_type=\"icon.default\">\n\t\t\t\t\t\t\t<div class=\"elementor-icon-wrapper\">\n\t\t\t<div class=\"elementor-icon\">\n\t\t\t<i aria-hidden=\"true\" class=\"icofont icofont-cow-head\"><\/i>\t\t\t<\/div>\n\t\t<\/div>\n\t\t\t\t\t\t<\/div>\n\t\t\t\t<\/div>\n\t\t<div class=\"elementor-element elementor-element-f38b5cb e-con-full e-flex e-con e-child\" data-id=\"f38b5cb\" data-element_type=\"container\" data-e-type=\"container\" data-settings=\"{&quot;background_background&quot;:&quot;classic&quot;}\">\n\t\t<div class=\"elementor-element elementor-element-c784a77 e-con-full e-flex e-con e-child\" data-id=\"c784a77\" data-element_type=\"container\" data-e-type=\"container\">\n\t\t\t\t<div class=\"elementor-element elementor-element-bf20eb1 elementor-widget elementor-widget-text-editor\" data-id=\"bf20eb1\" data-element_type=\"widget\" data-e-type=\"widget\" data-widget_type=\"text-editor.default\">\n\t\t\t\t\t\t\t\t\t<p>L\u2019azote liquide joue un r\u00f4le cl\u00e9 dans l\u2019\u00e9levage, notamment pour la conservation des semences et des embryons. La cryoconservation autour de\u00a0 -196\u00b0C, permet de conserver la fertilit\u00e9 de la semence pendant de longues p\u00e9riodes, parfois des d\u00e9cennies, tout en pr\u00e9servant la viabilit\u00e9 des spermatozo\u00efdes.<\/p>\t\t\t\t\t\t\t\t<\/div>\n\t\t\t\t<\/div>\n\t\t<div class=\"elementor-element elementor-element-ac3c1ab e-con-full e-flex e-con e-child\" data-id=\"ac3c1ab\" data-element_type=\"container\" data-e-type=\"container\" data-settings=\"{&quot;background_background&quot;:&quot;classic&quot;}\">\n\t\t\t\t<\/div>\n\t\t\t\t<\/div>\n\t\t\t\t<\/div>\n\t\t\t\t\t<\/div>\n\t\t\t\t<\/div>\n\t\t\t\t<\/div>\n\t\t","protected":false},"excerpt":{"rendered":"<p>Utilisation Laboratoire, Centre de recherche et Universit\u00e9 L\u2019 Azote liquide ressource essentielle L\u2019azote liquide est indispensable pour la conservation d\u2019\u00e9chantillons biologiques et la recherche en sciences de la vie. Les principales difficult\u00e9s sont d\u2019\u00e9viter la formation de glace et de d\u00e9shydratation de la cellule : la cryoconservation repose sur le principe de la vitrification de [&hellip;]<\/p>\n","protected":false},"author":1,"featured_media":0,"parent":0,"menu_order":0,"comment_status":"closed","ping_status":"closed","template":"","meta":{"footnotes":""},"class_list":["post-398","page","type-page","status-publish","hentry"],"_links":{"self":[{"href":"https:\/\/flandresazote.fr\/index.php\/wp-json\/wp\/v2\/pages\/398","targetHints":{"allow":["GET"]}}],"collection":[{"href":"https:\/\/flandresazote.fr\/index.php\/wp-json\/wp\/v2\/pages"}],"about":[{"href":"https:\/\/flandresazote.fr\/index.php\/wp-json\/wp\/v2\/types\/page"}],"author":[{"embeddable":true,"href":"https:\/\/flandresazote.fr\/index.php\/wp-json\/wp\/v2\/users\/1"}],"replies":[{"embeddable":true,"href":"https:\/\/flandresazote.fr\/index.php\/wp-json\/wp\/v2\/comments?post=398"}],"version-history":[{"count":73,"href":"https:\/\/flandresazote.fr\/index.php\/wp-json\/wp\/v2\/pages\/398\/revisions"}],"predecessor-version":[{"id":682,"href":"https:\/\/flandresazote.fr\/index.php\/wp-json\/wp\/v2\/pages\/398\/revisions\/682"}],"wp:attachment":[{"href":"https:\/\/flandresazote.fr\/index.php\/wp-json\/wp\/v2\/media?parent=398"}],"curies":[{"name":"wp","href":"https:\/\/api.w.org\/{rel}","templated":true}]}}